{"id":987,"date":"2020-03-26T20:50:20","date_gmt":"2020-03-26T20:50:20","guid":{"rendered":"http:\/\/www.andhanya.fr\/?page_id=987"},"modified":"2020-03-26T21:50:11","modified_gmt":"2020-03-26T21:50:11","slug":"coaching-en-developpement-professionnel","status":"publish","type":"page","link":"http:\/\/www.andhanya.fr\/coaching\/nantes\/coaching-en-developpement-professionnel\/","title":{"rendered":"Coaching en d\u00e9veloppement professionnel"},"content":{"rendered":"<p>J\u2019accompagne les dirigeants et managers en coaching individuel ou d\u2019\u00e9quipe \u00e0 certains moments cl\u00e9s de leur\u00a0 vie professionnelle et en fonction des besoins et enjeux de leur organisation.\u00a0La neutralit\u00e9, l\u2019espace d\u2019\u00e9coute et de r\u00e9flexion, le feedback, la confrontation ou le challenging que je propose permettent de prendre du recul sur leur quotidien, de d\u00e9velopper un discernement et de clarifier leurs d\u00e9cisions et actions.<\/p>\n<div class=\"csRow\">\n<div class=\"csColumnGap\" style=\"margin: 0px; padding: 0px; float: left; width: 1.25%;\"><img decoding=\"async\" style=\"border: none;\" src=\"http:\/\/www.andhanya.fr\/wp-content\/plugins\/advanced-wp-columns\/assets\/js\/plugins\/views\/img\/1x1-pixel.png\" \/><\/div>\n<div class=\"csColumn\" style=\"margin: 0px; padding: 0px; float: left; width: 31.4%;\" data-csstartpoint=\"15.010415092651368\" data-csendpoint=\"391.98960210437014\" data-cswidth=\"31.4%\" data-csid=\"e48b28ee-dbf2-9bab-90b2-d651cc07a769\">\n<p><a href=\"http:\/\/www.andhanya.fr\/coaching-de-prise-de-poste\/\"><img decoding=\"async\" loading=\"lazy\" class=\"alignnone\" src=\"http:\/\/www.andhanya.fr\/wp-content\/uploads\/2020\/03\/Coaching-Prise-de-poste.png\" width=\"338\" height=\"118\" \/><\/a><\/p>\n<\/div>\n<div class=\"csColumnGap\" style=\"margin: 0px; padding: 0px; float: left; width: 1.5%;\"><img decoding=\"async\" style=\"border: none;\" src=\"http:\/\/www.andhanya.fr\/wp-content\/plugins\/advanced-wp-columns\/assets\/js\/plugins\/views\/img\/1x1-pixel.png\" \/><\/div>\n<div class=\"csColumn\" style=\"margin: 0px; padding: 0px; float: left; width: 31.4%;\" data-csstartpoint=\"410.0104456102295\" data-csendpoint=\"786.9896021043701\" data-cswidth=\"31.4%\" data-csid=\"3c67a40a-53ea-93af-ac0b-0527a6c9c8bb\">\n<p><a href=\"http:\/\/www.andhanya.fr\/coaching-strategique\/\"><img decoding=\"async\" loading=\"lazy\" class=\"alignnone\" src=\"http:\/\/www.andhanya.fr\/wp-content\/uploads\/2020\/03\/Coaching-Strategique.png\" width=\"338\" height=\"119\" \/><\/a><\/p>\n<\/div>\n<div class=\"csColumnGap\" style=\"margin: 0px; padding: 0px; float: left; width: 1.5%;\"><img decoding=\"async\" style=\"border: none;\" src=\"http:\/\/www.andhanya.fr\/wp-content\/plugins\/advanced-wp-columns\/assets\/js\/plugins\/views\/img\/1x1-pixel.png\" \/><\/div>\n<div class=\"csColumn\" style=\"margin: 0px; padding: 0px; float: left; width: 31.4%;\" data-csstartpoint=\"805.0104761278076\" data-csendpoint=\"1181.9896631395263\" data-cswidth=\"31.4%\" data-csid=\"7110af7c-71ff-a928-a83e-a1bf44a6b874\">\n<p><a href=\"http:\/\/www.andhanya.fr\/coaching-managerial\/\"><img decoding=\"async\" loading=\"lazy\" class=\"alignnone\" src=\"http:\/\/www.andhanya.fr\/wp-content\/uploads\/2020\/03\/Coaching-Managerial.png\" width=\"338\" height=\"119\" \/><\/a><\/p>\n<\/div>\n<div class=\"csColumnGap\" style=\"margin: 0px; padding: 0px; float: left; width: 1.5%;\"><img decoding=\"async\" style=\"border: none;\" src=\"http:\/\/www.andhanya.fr\/wp-content\/plugins\/advanced-wp-columns\/assets\/js\/plugins\/views\/img\/1x1-pixel.png\" \/><\/div>\n<div style=\"clear: both; float: none; display: block; visibility: hidden; width: 0px; font-size: 0px; line-height: 0;\"><\/div>\n<\/div>\n<p><br class=\"nc\" \/><br class=\"nc\" \/><br class=\"nc\" \/><\/p>\n","protected":false},"excerpt":{"rendered":"<p>J\u2019accompagne les dirigeants et managers en coaching individuel ou d\u2019\u00e9quipe \u00e0 certains moments cl\u00e9s de leur\u00a0 vie professionnelle et en fonction des besoins et enjeux de leur organisation.\u00a0La neutralit\u00e9, l\u2019espace d\u2019\u00e9coute et de r\u00e9flexion, le feedback, la confrontation ou le challenging que je propose permettent de prendre du recul sur leur quotidien, de d\u00e9velopper un <a class=\"more-link\" href=\"http:\/\/www.andhanya.fr\/coaching\/nantes\/coaching-en-developpement-professionnel\/\">Lire plus &#8230;<\/a><\/p>\n","protected":false},"author":1,"featured_media":0,"parent":0,"menu_order":0,"comment_status":"closed","ping_status":"closed","template":"","meta":{"footnotes":""},"_links":{"self":[{"href":"http:\/\/www.andhanya.fr\/coaching\/nantes\/wp-json\/wp\/v2\/pages\/987"}],"collection":[{"href":"http:\/\/www.andhanya.fr\/coaching\/nantes\/wp-json\/wp\/v2\/pages"}],"about":[{"href":"http:\/\/www.andhanya.fr\/coaching\/nantes\/wp-json\/wp\/v2\/types\/page"}],"author":[{"embeddable":true,"href":"http:\/\/www.andhanya.fr\/coaching\/nantes\/wp-json\/wp\/v2\/users\/1"}],"replies":[{"embeddable":true,"href":"http:\/\/www.andhanya.fr\/coaching\/nantes\/wp-json\/wp\/v2\/comments?post=987"}],"version-history":[{"count":11,"href":"http:\/\/www.andhanya.fr\/coaching\/nantes\/wp-json\/wp\/v2\/pages\/987\/revisions"}],"predecessor-version":[{"id":1035,"href":"http:\/\/www.andhanya.fr\/coaching\/nantes\/wp-json\/wp\/v2\/pages\/987\/revisions\/1035"}],"wp:attachment":[{"href":"http:\/\/www.andhanya.fr\/coaching\/nantes\/wp-json\/wp\/v2\/media?parent=987"}],"curies":[{"name":"wp","href":"https:\/\/api.w.org\/{rel}","templated":true}]}}