{"id":523,"date":"2016-04-26T18:46:07","date_gmt":"2016-04-26T18:46:07","guid":{"rendered":"http:\/\/www.andhanya.fr\/?page_id=523"},"modified":"2016-10-29T16:46:19","modified_gmt":"2016-10-29T16:46:19","slug":"qui-sommes-nous-2","status":"publish","type":"page","link":"http:\/\/www.andhanya.fr\/coaching\/nantes\/qui-sommes-nous-2\/","title":{"rendered":"Qui sommes nous ?"},"content":{"rendered":"<p style=\"text-align: justify;\"><span style=\"font-family: 'Arial','sans-serif'; color: #333333;\"><a href=\"http:\/\/www.andhanya.fr\/wp-content\/uploads\/2016\/04\/Elisabeth-Flouvat-Andhanya1.jpg\"><img decoding=\"async\" loading=\"lazy\" class=\"wp-image-675 alignleft\" src=\"http:\/\/www.andhanya.fr\/wp-content\/uploads\/2016\/04\/Elisabeth-Flouvat-Andhanya1.jpg\" width=\"130\" height=\"120\" \/><\/a>Experte en Communication d\u2019entreprise, en Ressources Humaines et en relations interpersonnelles, Elisabeth Flouvat s&#8217;est inspir\u00e9e des techniques de bien-\u00eatre et de relaxation pratiqu\u00e9es aux 4 coins du monde. Elle a cr\u00e9\u00e9 ANDHANYA pour redonner du sens, de l\u2019envie, et de l\u2019harmonie \u00e0 toute organisation convaincue que sa croissance repose avant tout sur la richesse des hommes qui la composent.<\/span><\/p>\n<p style=\"text-align: justify;\"><span style=\"font-family: arial,helvetica,sans-serif;\">Tout au long de son parcours professionnel, Elisabeth a naturellement \u00e9t\u00e9 le lien entre les diff\u00e9rents acteurs de l\u2019entreprise\u00a0: entre les ouvriers et la direction dans ses fonctions commerciales, entre les \u00e9quipes et le management dans ses missions de communication, enfin entre les salari\u00e9s et la direction dans ses responsabilit\u00e9s en ressources humaines.<\/span><\/p>\n<p style=\"text-align: justify;\"><span style=\"font-family: arial,helvetica,sans-serif;\">Reconnue pour son empathie bienveillante, ses qualit\u00e9s relationnelles, elle a toujours \u00e9t\u00e9 investie dans le d\u00e9veloppement de la coop\u00e9ration entre les services, dans la f\u00e9d\u00e9ration des salari\u00e9s autour du projet d\u2019entreprise, comme dans l\u2019accompagnement des hommes et des institutions confront\u00e9s \u00e0 des changements d\u2019organisation et des restructurations.<\/span><\/p>\n<p style=\"text-align: justify;\"><span style=\"font-family: arial,helvetica,sans-serif;\">Son exp\u00e9rience au sein des PME et de multinationales industrielles, notamment dans les secteurs bancaires, l\u2019IT, l\u2019\u00e9nergie, les machines-outils, l\u2019industrie papeti\u00e8re et la sant\u00e9, lui ont permis d\u2019appr\u00e9hender et de comprendre les pr\u00e9occupations du Chef d\u2019entreprise, ses enjeux, ses attentes, et de cr\u00e9er les conditions n\u00e9cessaires au bien-\u00eatre de tous pour une performance collective et durable.<\/span><\/p>\n<table style=\"height: 70px;\" width=\"835\">\n<tbody>\n<tr>\n<td>\n<ul>\n<li><span style=\"font-size: 10pt;\">\u00a0Master 2 Management et d\u00e9veloppement des ressources humaines (IGS)<\/span><\/li>\n<li><span style=\"font-size: 10pt;\">\u00a0DESS Coaching et conseil RH (Paris 8)<\/span><\/li>\n<li><span style=\"font-size: 10pt;\">\u00a0Certification MBTI<\/span><\/li>\n<\/ul>\n<\/td>\n<\/tr>\n<\/tbody>\n<\/table>\n<p>Seule ou avec l&#8217;appui d&#8217;un r\u00e9seau de partenaires, Elisabeth vous accompagne dans un management plus humain et plus serein.<\/p>\n","protected":false},"excerpt":{"rendered":"<p>Experte en Communication d\u2019entreprise, en Ressources Humaines et en relations interpersonnelles, Elisabeth Flouvat s&#8217;est inspir\u00e9e des techniques de bien-\u00eatre et de relaxation pratiqu\u00e9es aux 4 coins du monde. Elle a cr\u00e9\u00e9 ANDHANYA pour redonner du sens, de l\u2019envie, et de l\u2019harmonie \u00e0 toute organisation convaincue que sa croissance repose avant tout sur la richesse des <a class=\"more-link\" href=\"http:\/\/www.andhanya.fr\/coaching\/nantes\/qui-sommes-nous-2\/\">Lire plus &#8230;<\/a><\/p>\n","protected":false},"author":1,"featured_media":0,"parent":0,"menu_order":0,"comment_status":"closed","ping_status":"closed","template":"","meta":{"footnotes":""},"_links":{"self":[{"href":"http:\/\/www.andhanya.fr\/coaching\/nantes\/wp-json\/wp\/v2\/pages\/523"}],"collection":[{"href":"http:\/\/www.andhanya.fr\/coaching\/nantes\/wp-json\/wp\/v2\/pages"}],"about":[{"href":"http:\/\/www.andhanya.fr\/coaching\/nantes\/wp-json\/wp\/v2\/types\/page"}],"author":[{"embeddable":true,"href":"http:\/\/www.andhanya.fr\/coaching\/nantes\/wp-json\/wp\/v2\/users\/1"}],"replies":[{"embeddable":true,"href":"http:\/\/www.andhanya.fr\/coaching\/nantes\/wp-json\/wp\/v2\/comments?post=523"}],"version-history":[{"count":23,"href":"http:\/\/www.andhanya.fr\/coaching\/nantes\/wp-json\/wp\/v2\/pages\/523\/revisions"}],"predecessor-version":[{"id":727,"href":"http:\/\/www.andhanya.fr\/coaching\/nantes\/wp-json\/wp\/v2\/pages\/523\/revisions\/727"}],"wp:attachment":[{"href":"http:\/\/www.andhanya.fr\/coaching\/nantes\/wp-json\/wp\/v2\/media?parent=523"}],"curies":[{"name":"wp","href":"https:\/\/api.w.org\/{rel}","templated":true}]}}