{"id":231,"date":"2016-04-16T21:38:41","date_gmt":"2016-04-16T21:38:41","guid":{"rendered":"http:\/\/www.andhanya.fr\/?page_id=231"},"modified":"2016-06-30T21:09:10","modified_gmt":"2016-06-30T21:09:10","slug":"qui-sommes-nous","status":"publish","type":"page","link":"http:\/\/www.andhanya.fr\/coaching\/nantes\/qui-sommes-nous\/","title":{"rendered":"Qui sommes-nous ?"},"content":{"rendered":"<p style=\"text-align: justify;\"><span style=\"font-family: 'Arial','sans-serif'; color: #333333;\"><a href=\"http:\/\/www.andhanya.fr\/wp-content\/uploads\/2016\/04\/Elisabeth-Flouvat-Andhanya1.jpg\"><img decoding=\"async\" loading=\"lazy\" class=\"wp-image-675 alignleft\" src=\"http:\/\/www.andhanya.fr\/wp-content\/uploads\/2016\/04\/Elisabeth-Flouvat-Andhanya1.jpg\" width=\"131\" height=\"122\" \/><\/a>Experte en Communication d\u2019entreprise, en Ressources Humaines et en relations interpersonnelles, Elisabeth Flouvat s&#8217;est inspir\u00e9e des techniques de bien-\u00eatre et de relaxation pratiqu\u00e9es aux 4 coins du monde. Elle a cr\u00e9\u00e9 ANDHANYA pour redonner du sens, de l\u2019envie, et de l\u2019harmonie \u00e0 toute organisation convaincue que sa croissance repose avant tout sur la richesse des hommes qui la composent.<\/span><\/p>\n<p style=\"text-align: justify;\"><!--more--><\/p>\n<p style=\"text-align: justify;\"><a href=\"http:\/\/www.andhanya.fr\/qui-sommes-nous-2\/\">Lire la suite<\/a><\/p>\n<p>&nbsp;<\/p>\n","protected":false},"excerpt":{"rendered":"<p>Experte en Communication d\u2019entreprise, en Ressources Humaines et en relations interpersonnelles, Elisabeth Flouvat s&#8217;est inspir\u00e9e des techniques de bien-\u00eatre et de relaxation pratiqu\u00e9es aux 4 coins du monde. Elle a cr\u00e9\u00e9 ANDHANYA pour redonner du sens, de l\u2019envie, et de l\u2019harmonie \u00e0 toute organisation convaincue que sa croissance repose avant tout sur la richesse des <a class=\"more-link\" href=\"http:\/\/www.andhanya.fr\/coaching\/nantes\/qui-sommes-nous\/\">Lire plus &#8230;<\/a><\/p>\n","protected":false},"author":1,"featured_media":0,"parent":0,"menu_order":0,"comment_status":"closed","ping_status":"closed","template":"","meta":{"footnotes":""},"_links":{"self":[{"href":"http:\/\/www.andhanya.fr\/coaching\/nantes\/wp-json\/wp\/v2\/pages\/231"}],"collection":[{"href":"http:\/\/www.andhanya.fr\/coaching\/nantes\/wp-json\/wp\/v2\/pages"}],"about":[{"href":"http:\/\/www.andhanya.fr\/coaching\/nantes\/wp-json\/wp\/v2\/types\/page"}],"author":[{"embeddable":true,"href":"http:\/\/www.andhanya.fr\/coaching\/nantes\/wp-json\/wp\/v2\/users\/1"}],"replies":[{"embeddable":true,"href":"http:\/\/www.andhanya.fr\/coaching\/nantes\/wp-json\/wp\/v2\/comments?post=231"}],"version-history":[{"count":15,"href":"http:\/\/www.andhanya.fr\/coaching\/nantes\/wp-json\/wp\/v2\/pages\/231\/revisions"}],"predecessor-version":[{"id":678,"href":"http:\/\/www.andhanya.fr\/coaching\/nantes\/wp-json\/wp\/v2\/pages\/231\/revisions\/678"}],"wp:attachment":[{"href":"http:\/\/www.andhanya.fr\/coaching\/nantes\/wp-json\/wp\/v2\/media?parent=231"}],"curies":[{"name":"wp","href":"https:\/\/api.w.org\/{rel}","templated":true}]}}