{"id":2,"date":"2016-01-08T00:47:20","date_gmt":"2016-01-08T00:47:20","guid":{"rendered":"http:\/\/www.andhanya.fr\/?page_id=2"},"modified":"2016-07-04T21:09:13","modified_gmt":"2016-07-04T21:09:13","slug":"au-sujet-d-andhanya","status":"publish","type":"page","link":"http:\/\/www.andhanya.fr\/coaching\/nantes\/au-sujet-d-andhanya\/","title":{"rendered":"Au sujet d&#8217;Andhanya"},"content":{"rendered":"<div class=\"wrapper\">\n<article id=\"post-111\" class=\"post-111 page type-page status-publish hentry\">\n<div class=\"entry-container\">\n<div class=\"entry-content\">\n<p><strong><span style=\"color: #008000;\">ANDHANYA signifie en balinais\u00a0: VOUS tout simplement&#8230;<\/span><\/strong><\/p>\n<p style=\"text-align: justify;\"><img decoding=\"async\" loading=\"lazy\" class=\"alignleft wp-image-453\" src=\"http:\/\/www.andhanya.fr\/wp-content\/uploads\/2016\/04\/Faire-grandir-4-1.jpg\" alt=\"Faire grandir 4\" width=\"187\" height=\"64\" srcset=\"http:\/\/www.andhanya.fr\/wp-content\/uploads\/2016\/04\/Faire-grandir-4-1.jpg 748w, http:\/\/www.andhanya.fr\/wp-content\/uploads\/2016\/04\/Faire-grandir-4-1-300x103.jpg 300w\" sizes=\"(max-width: 187px) 100vw, 187px\" \/><span style=\"font-family: arial,helvetica,sans-serif;\">Parce que votre entreprise est diff\u00e9rente, parce que chaque homme qui la constitue est unique \u00e0 nos yeux, ANDHANYA vous accompagne vers la croissance en r\u00e9fl\u00e9chissant ensemble aux actions \u00e0 mettre en place au sein de votre organisation\u00a0autour de 4 leviers d\u2019efficacit\u00e9 :<\/span><\/p>\n<ul>\n<li><span style=\"font-family: arial,helvetica,sans-serif;\">La gestion des ressources humaines<\/span><\/li>\n<li><span style=\"font-family: arial,helvetica,sans-serif;\">La communication<\/span><\/li>\n<li><span style=\"font-family: arial,helvetica,sans-serif;\">La qualit\u00e9 de vie au travail<\/span><\/li>\n<li><span style=\"font-family: arial,helvetica,sans-serif;\">La conduite du changement<\/span><\/li>\n<\/ul>\n<p>&nbsp;<\/p>\n<p><span style=\"font-family: arial,helvetica,sans-serif;\">Quelque soit la mission que vous nous confiez, nous mettons un point d\u2019honneur \u00e0 orienter notre action vers le bien-\u00eatre<strong> au profit de l\u2019efficacit\u00e9 professionnelle<\/strong>.<\/span><\/p>\n<\/div>\n<\/div>\n<\/article>\n<\/div>\n","protected":false},"excerpt":{"rendered":"<p>ANDHANYA signifie en balinais\u00a0: VOUS tout simplement&#8230; Parce que votre entreprise est diff\u00e9rente, parce que chaque homme qui la constitue est unique \u00e0 nos yeux, ANDHANYA vous accompagne vers la croissance en r\u00e9fl\u00e9chissant ensemble aux actions \u00e0 mettre en place au sein de votre organisation\u00a0autour de 4 leviers d\u2019efficacit\u00e9 : La gestion des ressources humaines <a class=\"more-link\" href=\"http:\/\/www.andhanya.fr\/coaching\/nantes\/au-sujet-d-andhanya\/\">Lire plus &#8230;<\/a><\/p>\n","protected":false},"author":1,"featured_media":0,"parent":0,"menu_order":0,"comment_status":"closed","ping_status":"closed","template":"","meta":{"footnotes":""},"_links":{"self":[{"href":"http:\/\/www.andhanya.fr\/coaching\/nantes\/wp-json\/wp\/v2\/pages\/2"}],"collection":[{"href":"http:\/\/www.andhanya.fr\/coaching\/nantes\/wp-json\/wp\/v2\/pages"}],"about":[{"href":"http:\/\/www.andhanya.fr\/coaching\/nantes\/wp-json\/wp\/v2\/types\/page"}],"author":[{"embeddable":true,"href":"http:\/\/www.andhanya.fr\/coaching\/nantes\/wp-json\/wp\/v2\/users\/1"}],"replies":[{"embeddable":true,"href":"http:\/\/www.andhanya.fr\/coaching\/nantes\/wp-json\/wp\/v2\/comments?post=2"}],"version-history":[{"count":25,"href":"http:\/\/www.andhanya.fr\/coaching\/nantes\/wp-json\/wp\/v2\/pages\/2\/revisions"}],"predecessor-version":[{"id":687,"href":"http:\/\/www.andhanya.fr\/coaching\/nantes\/wp-json\/wp\/v2\/pages\/2\/revisions\/687"}],"wp:attachment":[{"href":"http:\/\/www.andhanya.fr\/coaching\/nantes\/wp-json\/wp\/v2\/media?parent=2"}],"curies":[{"name":"wp","href":"https:\/\/api.w.org\/{rel}","templated":true}]}}