{"id":176,"date":"2016-04-12T22:22:21","date_gmt":"2016-04-12T22:22:21","guid":{"rendered":"http:\/\/www.andhanya.fr\/?page_id=176"},"modified":"2016-04-27T22:08:22","modified_gmt":"2016-04-27T22:08:22","slug":"conseil-rh","status":"publish","type":"page","link":"http:\/\/www.andhanya.fr\/coaching\/nantes\/conseil-rh\/","title":{"rendered":"Conseil RH"},"content":{"rendered":"<p><a href=\"http:\/\/www.andhanya.fr\/wp-content\/uploads\/2016\/04\/D\u00e9ployer-vos-ressources-humaines-1.jpg\"><img decoding=\"async\" loading=\"lazy\" class=\".class-2 alignright wp-image-579\" src=\"http:\/\/www.andhanya.fr\/wp-content\/uploads\/2016\/04\/D\u00e9ployer-vos-ressources-humaines-1.jpg\" alt=\"D\u00e9ployer vos ressources humaines\" width=\"250\" height=\"166\" \/><\/a>En fonction de votre organisation et de vos enjeux\u00a0:<\/p>\n<ul>\n<li style=\"text-align: justify;\">Nous menons un <strong>audit organisationnel ou fonctionnel<\/strong> afin de relever les dysfonctionnements internes et pr\u00e9coniser une meilleure r\u00e9partition des ressources.<\/li>\n<li>Nous \u00e9tablissons un diagnostic de vos <strong>outils et processus RH <\/strong>et vous proposons des am\u00e9liorations pour faciliter leur utilisation et optimiser leur efficacit\u00e9.<\/li>\n<li>Nous prenons en charge vos <strong>recrutements<\/strong>, de la d\u00e9finition du poste \u00e0 l\u2019\u00e9valuation et int\u00e9gration du candidat.<\/li>\n<li>Nous optimisons la <strong>gestion de vos comp\u00e9tences <\/strong>(GPEC)\u00a0: nous \u00e9laborons un r\u00e9f\u00e9rentiel des m\u00e9tiers de votre organisation, identifions les comp\u00e9tences dont vous disposez et celles dont vous aurez besoin et construisons une cartographie des comp\u00e9tences. Cet outil permet d\u2019optimiser l\u2019utilisation des comp\u00e9tences en fonction des missions et projets et de diminuer les co\u00fbts de recrutement, facilite les mobilit\u00e9s et le d\u00e9veloppement de vos salari\u00e9s et contribue \u00e0 la croissance de votre entreprise.<\/li>\n<\/ul>\n<p>&nbsp;<\/p>\n<p style=\"text-align: center;\">\n","protected":false},"excerpt":{"rendered":"<p>En fonction de votre organisation et de vos enjeux\u00a0: Nous menons un audit organisationnel ou fonctionnel afin de relever les dysfonctionnements internes et pr\u00e9coniser une meilleure r\u00e9partition des ressources. Nous \u00e9tablissons un diagnostic de vos outils et processus RH et vous proposons des am\u00e9liorations pour faciliter leur utilisation et optimiser leur efficacit\u00e9. Nous prenons en <a class=\"more-link\" href=\"http:\/\/www.andhanya.fr\/coaching\/nantes\/conseil-rh\/\">Lire plus &#8230;<\/a><\/p>\n","protected":false},"author":1,"featured_media":0,"parent":0,"menu_order":0,"comment_status":"closed","ping_status":"closed","template":"","meta":{"footnotes":""},"_links":{"self":[{"href":"http:\/\/www.andhanya.fr\/coaching\/nantes\/wp-json\/wp\/v2\/pages\/176"}],"collection":[{"href":"http:\/\/www.andhanya.fr\/coaching\/nantes\/wp-json\/wp\/v2\/pages"}],"about":[{"href":"http:\/\/www.andhanya.fr\/coaching\/nantes\/wp-json\/wp\/v2\/types\/page"}],"author":[{"embeddable":true,"href":"http:\/\/www.andhanya.fr\/coaching\/nantes\/wp-json\/wp\/v2\/users\/1"}],"replies":[{"embeddable":true,"href":"http:\/\/www.andhanya.fr\/coaching\/nantes\/wp-json\/wp\/v2\/comments?post=176"}],"version-history":[{"count":29,"href":"http:\/\/www.andhanya.fr\/coaching\/nantes\/wp-json\/wp\/v2\/pages\/176\/revisions"}],"predecessor-version":[{"id":595,"href":"http:\/\/www.andhanya.fr\/coaching\/nantes\/wp-json\/wp\/v2\/pages\/176\/revisions\/595"}],"wp:attachment":[{"href":"http:\/\/www.andhanya.fr\/coaching\/nantes\/wp-json\/wp\/v2\/media?parent=176"}],"curies":[{"name":"wp","href":"https:\/\/api.w.org\/{rel}","templated":true}]}}