{"id":1125,"date":"2020-05-28T21:51:13","date_gmt":"2020-05-28T21:51:13","guid":{"rendered":"http:\/\/www.andhanya.fr\/?page_id=1125"},"modified":"2020-05-28T21:59:25","modified_gmt":"2020-05-28T21:59:25","slug":"reservation-effectuee","status":"publish","type":"page","link":"http:\/\/www.andhanya.fr\/coaching\/nantes\/reservation-effectuee\/","title":{"rendered":"R\u00e9servation effectu\u00e9e"},"content":{"rendered":"\n<p>Nous vous remercions pour votre r\u00e9servation. <\/p>\n\n\n\n<p><strong><span style=\"color:#00a32e\" class=\"has-inline-color\">Votre invitation vient de vous \u00eatre envoy\u00e9e par email.<\/span><\/strong><\/p>\n","protected":false},"excerpt":{"rendered":"<p>Nous vous remercions pour votre r\u00e9servation. Votre invitation vient de vous \u00eatre envoy\u00e9e par email.<\/p>\n","protected":false},"author":1,"featured_media":0,"parent":0,"menu_order":0,"comment_status":"closed","ping_status":"closed","template":"","meta":{"footnotes":""},"_links":{"self":[{"href":"http:\/\/www.andhanya.fr\/coaching\/nantes\/wp-json\/wp\/v2\/pages\/1125"}],"collection":[{"href":"http:\/\/www.andhanya.fr\/coaching\/nantes\/wp-json\/wp\/v2\/pages"}],"about":[{"href":"http:\/\/www.andhanya.fr\/coaching\/nantes\/wp-json\/wp\/v2\/types\/page"}],"author":[{"embeddable":true,"href":"http:\/\/www.andhanya.fr\/coaching\/nantes\/wp-json\/wp\/v2\/users\/1"}],"replies":[{"embeddable":true,"href":"http:\/\/www.andhanya.fr\/coaching\/nantes\/wp-json\/wp\/v2\/comments?post=1125"}],"version-history":[{"count":5,"href":"http:\/\/www.andhanya.fr\/coaching\/nantes\/wp-json\/wp\/v2\/pages\/1125\/revisions"}],"predecessor-version":[{"id":1138,"href":"http:\/\/www.andhanya.fr\/coaching\/nantes\/wp-json\/wp\/v2\/pages\/1125\/revisions\/1138"}],"wp:attachment":[{"href":"http:\/\/www.andhanya.fr\/coaching\/nantes\/wp-json\/wp\/v2\/media?parent=1125"}],"curies":[{"name":"wp","href":"https:\/\/api.w.org\/{rel}","templated":true}]}}