{"id":1025,"date":"2020-03-26T21:47:33","date_gmt":"2020-03-26T21:47:33","guid":{"rendered":"http:\/\/www.andhanya.fr\/?page_id=1025"},"modified":"2020-03-29T14:44:13","modified_gmt":"2020-03-29T14:44:13","slug":"coaching-de-management","status":"publish","type":"page","link":"http:\/\/www.andhanya.fr\/coaching\/nantes\/coaching-de-management\/","title":{"rendered":"Coaching de management"},"content":{"rendered":"<ul>\n<li>Am\u00e9liorer sa communication et d\u00e9velopper son leadership<\/li>\n<li>Insuffler une nouvelle dynamique \u00e0 ses \u00e9quipes, remobiliser autour de nouveaux objectifs, d\u00e9velopper la collaboration<\/li>\n<li>G\u00e9rer les situations conflictuelles et les personnalit\u00e9s difficiles<\/li>\n<li>Pr\u00e9parer et animer une r\u00e9union<\/li>\n<li>Faciliter et assumer les prises de d\u00e9cision<\/li>\n<li>Mieux apprivoiser ses \u00e9motions, g\u00e9rer son stress et pr\u00e9server sa sant\u00e9<\/li>\n<\/ul>\n","protected":false},"excerpt":{"rendered":"<p>Am\u00e9liorer sa communication et d\u00e9velopper son leadership Insuffler une nouvelle dynamique \u00e0 ses \u00e9quipes, remobiliser autour de nouveaux objectifs, d\u00e9velopper la collaboration G\u00e9rer les situations conflictuelles et les personnalit\u00e9s difficiles Pr\u00e9parer et animer une r\u00e9union Faciliter et assumer les prises de d\u00e9cision Mieux apprivoiser ses \u00e9motions, g\u00e9rer son stress et pr\u00e9server sa sant\u00e9<\/p>\n","protected":false},"author":1,"featured_media":0,"parent":0,"menu_order":0,"comment_status":"closed","ping_status":"closed","template":"","meta":{"footnotes":""},"_links":{"self":[{"href":"http:\/\/www.andhanya.fr\/coaching\/nantes\/wp-json\/wp\/v2\/pages\/1025"}],"collection":[{"href":"http:\/\/www.andhanya.fr\/coaching\/nantes\/wp-json\/wp\/v2\/pages"}],"about":[{"href":"http:\/\/www.andhanya.fr\/coaching\/nantes\/wp-json\/wp\/v2\/types\/page"}],"author":[{"embeddable":true,"href":"http:\/\/www.andhanya.fr\/coaching\/nantes\/wp-json\/wp\/v2\/users\/1"}],"replies":[{"embeddable":true,"href":"http:\/\/www.andhanya.fr\/coaching\/nantes\/wp-json\/wp\/v2\/comments?post=1025"}],"version-history":[{"count":2,"href":"http:\/\/www.andhanya.fr\/coaching\/nantes\/wp-json\/wp\/v2\/pages\/1025\/revisions"}],"predecessor-version":[{"id":1056,"href":"http:\/\/www.andhanya.fr\/coaching\/nantes\/wp-json\/wp\/v2\/pages\/1025\/revisions\/1056"}],"wp:attachment":[{"href":"http:\/\/www.andhanya.fr\/coaching\/nantes\/wp-json\/wp\/v2\/media?parent=1025"}],"curies":[{"name":"wp","href":"https:\/\/api.w.org\/{rel}","templated":true}]}}